{"id":796,"date":"2024-07-24T13:51:43","date_gmt":"2024-07-24T13:51:43","guid":{"rendered":"https:\/\/www.lounaskahvilamilassi.fi\/home\/"},"modified":"2026-04-26T20:05:43","modified_gmt":"2026-04-26T20:05:43","slug":"home","status":"publish","type":"page","link":"https:\/\/www.lounaskahvilamilassi.fi\/","title":{"rendered":"Home"},"content":{"rendered":"\t\t<div data-elementor-type=\"wp-page\" data-elementor-id=\"796\" class=\"elementor elementor-796\">\n\t\t\t\t<div class=\"elementor-element elementor-element-605e159 e-flex e-con-boxed elementor-invisible e-con e-parent\" data-id=\"605e159\" data-element_type=\"container\" data-settings=\"{&quot;background_background&quot;:&quot;classic&quot;,&quot;animation&quot;:&quot;fadeIn&quot;}\">\n\t\t\t\t\t<div class=\"e-con-inner\">\n\t\t<div class=\"elementor-element elementor-element-6121876 e-con-full e-flex e-con e-child\" data-id=\"6121876\" data-element_type=\"container\">\n\t\t\t\t<div class=\"elementor-element elementor-element-0d6cf55 elementor-hidden-tablet elementor-hidden-mobile elementor-widget elementor-widget-spacer\" data-id=\"0d6cf55\" data-element_type=\"widget\" data-widget_type=\"spacer.default\">\n\t\t\t\t<div class=\"elementor-widget-container\">\n\t\t\t\t\t\t\t<div class=\"elementor-spacer\">\n\t\t\t<div class=\"elementor-spacer-inner\"><\/div>\n\t\t<\/div>\n\t\t\t\t\t\t<\/div>\n\t\t\t\t<\/div>\n\t\t\t\t<\/div>\n\t\t\t\t\t<\/div>\n\t\t\t\t<\/div>\n\t\t<div class=\"elementor-element elementor-element-4681e6c e-con-full e-flex e-con e-parent\" data-id=\"4681e6c\" data-element_type=\"container\" data-settings=\"{&quot;background_background&quot;:&quot;classic&quot;}\">\n\t\t<div class=\"elementor-element elementor-element-ed44257 e-con-full e-flex e-con e-child\" data-id=\"ed44257\" data-element_type=\"container\">\n\t\t\t\t<\/div>\n\t\t<div class=\"elementor-element elementor-element-a1ebb75 e-con-full e-flex e-con e-child\" data-id=\"a1ebb75\" data-element_type=\"container\" data-settings=\"{&quot;background_background&quot;:&quot;classic&quot;}\">\n\t\t\t\t<div class=\"elementor-element elementor-element-bad2e86 elementor-widget elementor-widget-image\" data-id=\"bad2e86\" data-element_type=\"widget\" data-widget_type=\"image.default\">\n\t\t\t\t<div class=\"elementor-widget-container\">\n\t\t\t\t\t\t\t\t\t\t\t\t\t\t\t<img fetchpriority=\"high\" decoding=\"async\" width=\"1001\" height=\"123\" src=\"https:\/\/www.lounaskahvilamilassi.fi\/wp-content\/uploads\/2024\/07\/Divider01-1.png\" class=\"attachment-large size-large wp-image-986\" alt=\"\" srcset=\"https:\/\/www.lounaskahvilamilassi.fi\/wp-content\/uploads\/2024\/07\/Divider01-1.png 1001w, https:\/\/www.lounaskahvilamilassi.fi\/wp-content\/uploads\/2024\/07\/Divider01-1-300x37.png 300w, https:\/\/www.lounaskahvilamilassi.fi\/wp-content\/uploads\/2024\/07\/Divider01-1-768x94.png 768w\" sizes=\"(max-width: 1001px) 100vw, 1001px\" \/>\t\t\t\t\t\t\t\t\t\t\t\t\t\t\t<\/div>\n\t\t\t\t<\/div>\n\t\t\t\t<div class=\"elementor-element elementor-element-f815dc4 elementor-widget elementor-widget-image\" data-id=\"f815dc4\" data-element_type=\"widget\" data-widget_type=\"image.default\">\n\t\t\t\t<div class=\"elementor-widget-container\">\n\t\t\t\t\t\t\t\t\t\t\t\t\t\t\t<img decoding=\"async\" width=\"1001\" height=\"150\" src=\"https:\/\/www.lounaskahvilamilassi.fi\/wp-content\/uploads\/2024\/07\/Divider02.png\" class=\"attachment-large size-large wp-image-987\" alt=\"\" srcset=\"https:\/\/www.lounaskahvilamilassi.fi\/wp-content\/uploads\/2024\/07\/Divider02.png 1001w, https:\/\/www.lounaskahvilamilassi.fi\/wp-content\/uploads\/2024\/07\/Divider02-300x45.png 300w, https:\/\/www.lounaskahvilamilassi.fi\/wp-content\/uploads\/2024\/07\/Divider02-768x115.png 768w\" sizes=\"(max-width: 1001px) 100vw, 1001px\" \/>\t\t\t\t\t\t\t\t\t\t\t\t\t\t\t<\/div>\n\t\t\t\t<\/div>\n\t\t\t\t<div class=\"elementor-element elementor-element-f18c4c1 elementor-widget elementor-widget-text-editor\" data-id=\"f18c4c1\" data-element_type=\"widget\" data-widget_type=\"text-editor.default\">\n\t\t\t\t<div class=\"elementor-widget-container\">\n\t\t\t\t\t\t\t\t\t<h4 style=\"text-align: center;\"><span style=\"color: #000000;\"><strong>Milassin Lounas<\/strong><\/span><\/h4><h4 style=\"text-align: center;\"><span style=\"color: #000000;\"><strong>Buffetlounas tarjolla arkisin : <\/strong><\/span><\/h4><h4 style=\"text-align: center;\"><span style=\"color: #000000;\"><strong>Ma-To: klo 11 &#8211; 14<br \/>Pe 11 -13<\/strong><\/span><\/h4><h4>\u00a0<\/h4><h3 style=\"text-align: center;\"><strong><span style=\"text-decoration: underline; color: #000000;\">Maanantai 27.4<\/span><\/strong><\/h3><h4 style=\"text-align: center;\"><span style=\"color: #000000;\">\u00a0Savulohikeittoa (L,G,K)<\/span><\/h4><h4 style=\"text-align: center;\"><span style=\"color: #000000;\">Kanaviillokkia\u00a0 (L,G,K)<br \/>Riisi\u00e4 (V,G)<\/span><\/h4><h4 style=\"text-align: center;\"><span style=\"color: #000000;\">Kinkku-aurajuustopastaa (L,K)<\/span><\/h4><h4 style=\"text-align: center;\"><span style=\"color: #000000;\">Persikkarahkaa (L,G,K)<\/span><\/h4><h4 style=\"text-align: center;\">\u00a0<\/h4><h3 style=\"text-align: center;\"><strong><span style=\"text-decoration: underline;\"><span style=\"color: #000000; text-decoration: underline;\">Tiistai 28.4<\/span><\/span><\/strong><\/h3><h4 style=\"text-align: center;\"><span style=\"color: #000000;\">Pinaattikeittoa (L,G,K) &amp; Keitetty\u00e4 kanamunaa (M,G)<\/span><\/h4><h4 style=\"text-align: center;\"><span style=\"color: #000000;\">Mets\u00e4sienipyttipannua (V,G)<br \/>Piparjuurimajoneesia (M,G)<\/span><\/h4><h4 style=\"text-align: center;\"><span style=\"color: #000000;\">Kermaista jauhelihaperunalaatikkoa (L,G,K)<br \/>Puolukkasurvosta (V,G)<\/span><\/h4><h4 style=\"text-align: center;\"><span style=\"color: #000000;\">Kirsikka-suklaak\u00e4\u00e4retorttua (L,G)<\/span><\/h4><h4 style=\"text-align: center;\">\u00a0<\/h4><h3 style=\"text-align: center;\"><strong><span style=\"text-decoration: underline;\"><span style=\"color: #000000; text-decoration: underline;\">Keskiviikko 29.4<\/span><\/span><\/strong><\/h3><h4 style=\"text-align: center;\"><span style=\"color: #000000;\">Kana-nuudelikeittoa (L,G,K)<\/span><\/h4><h4 style=\"text-align: center;\">Mets\u00e4st\u00e4j\u00e4nleikett\u00e4 (L, pyydett\u00e4ess\u00e4 gluteeniton)<br \/>Perunamuusia (L,G,K)<br \/>Kantarellikastiketta (L,G,K)<\/h4><h4 style=\"text-align: center;\"><span style=\"color: #000000;\">Marjakiisseli\u00e4 (V,G)<br \/>Kermavaahtoa (L,G,K)<\/span><\/h4><h3 style=\"text-align: center;\"><strong><span style=\"text-decoration: underline;\"><span style=\"color: #000000; text-decoration: underline;\">Torstai 30.4<\/span><\/span><\/strong><\/h3><h4 style=\"text-align: center;\"><span style=\"color: #000000;\">Kermaista lohikeittoa (L,G,K)<\/span><\/h4><h4 style=\"text-align: center;\"><span style=\"color: #000000;\">Kanaa ja kasviksia peking-kastikkeessa (L,G,K)<\/span><\/h4><h4 style=\"text-align: center;\"><span style=\"color: #000000;\">Jasminriisi\u00e4 (V,G)<\/span><\/h4><h4 style=\"text-align: center;\">Melonimarjasalaattia (V,G)<br \/>Kookoskinuksia (V,G)<\/h4><h4 style=\"text-align: center;\">\u00a0<\/h4><h3 style=\"text-align: center;\"><span style=\"text-decoration: underline; color: #000000;\"><strong>Perjantai 1.5<\/strong><\/span><\/h3><h4 style=\"text-align: center;\">\u00a0<\/h4><h4 style=\"text-align: center;\">Hyv\u00e4\u00e4 vappua!<\/h4><h4 style=\"text-align: center;\">\u00a0<\/h4><h5 style=\"text-align: center;\"><span style=\"color: #000000;\"><strong>Keittolounas leivill\u00e4, juomilla, j\u00e4lkiruoalla ja kahvilla 9,90\u20ac.<\/strong><\/span><\/h5><h5 style=\"text-align: center;\"><span style=\"color: #000000;\"><strong>Keittolounas salaateilla, leivill\u00e4, juomilla, j\u00e4lkiruoalla ja kahvilla 11,90\u20ac.<\/strong><\/span><\/h5><h5 style=\"text-align: center;\"><span style=\"color: #000000;\"><strong>Koko lounas 13,90\u20ac.<\/strong><\/span><\/h5><h2 style=\"text-align: center;\"><span style=\"color: #000000;\"><strong>Tervetuloa!\u00a0<\/strong><\/span><\/h2>\t\t\t\t\t\t\t\t<\/div>\n\t\t\t\t<\/div>\n\t\t\t\t<\/div>\n\t\t<div class=\"elementor-element elementor-element-6a5fe18 e-con-full e-flex e-con e-child\" data-id=\"6a5fe18\" data-element_type=\"container\">\n\t\t\t\t<div class=\"elementor-element elementor-element-c399c83 elementor-widget elementor-widget-image\" data-id=\"c399c83\" data-element_type=\"widget\" data-widget_type=\"image.default\">\n\t\t\t\t<div class=\"elementor-widget-container\">\n\t\t\t\t\t\t\t\t\t\t\t\t\t\t\t<img decoding=\"async\" width=\"1001\" height=\"123\" src=\"https:\/\/www.lounaskahvilamilassi.fi\/wp-content\/uploads\/2024\/07\/Divider01-1.png\" class=\"attachment-full size-full wp-image-986\" alt=\"\" srcset=\"https:\/\/www.lounaskahvilamilassi.fi\/wp-content\/uploads\/2024\/07\/Divider01-1.png 1001w, https:\/\/www.lounaskahvilamilassi.fi\/wp-content\/uploads\/2024\/07\/Divider01-1-300x37.png 300w, https:\/\/www.lounaskahvilamilassi.fi\/wp-content\/uploads\/2024\/07\/Divider01-1-768x94.png 768w\" sizes=\"(max-width: 1001px) 100vw, 1001px\" \/>\t\t\t\t\t\t\t\t\t\t\t\t\t\t\t<\/div>\n\t\t\t\t<\/div>\n\t\t\t\t<\/div>\n\t\t<div class=\"elementor-element elementor-element-5e0291d e-con-full e-flex e-con e-child\" data-id=\"5e0291d\" data-element_type=\"container\" data-settings=\"{&quot;background_background&quot;:&quot;classic&quot;}\">\n\t\t\t\t<div class=\"elementor-element elementor-element-6df656d elementor-widget elementor-widget-image\" data-id=\"6df656d\" data-element_type=\"widget\" data-widget_type=\"image.default\">\n\t\t\t\t<div class=\"elementor-widget-container\">\n\t\t\t\t\t\t\t\t\t\t\t\t\t\t\t<img loading=\"lazy\" decoding=\"async\" width=\"768\" height=\"1024\" src=\"https:\/\/www.lounaskahvilamilassi.fi\/wp-content\/uploads\/2026\/04\/WhatsApp-Image-2026-04-06-at-15.48.31-768x1024.jpeg\" class=\"attachment-large size-large wp-image-2276\" alt=\"\" srcset=\"https:\/\/www.lounaskahvilamilassi.fi\/wp-content\/uploads\/2026\/04\/WhatsApp-Image-2026-04-06-at-15.48.31-768x1024.jpeg 768w, https:\/\/www.lounaskahvilamilassi.fi\/wp-content\/uploads\/2026\/04\/WhatsApp-Image-2026-04-06-at-15.48.31-225x300.jpeg 225w, https:\/\/www.lounaskahvilamilassi.fi\/wp-content\/uploads\/2026\/04\/WhatsApp-Image-2026-04-06-at-15.48.31-1152x1536.jpeg 1152w, https:\/\/www.lounaskahvilamilassi.fi\/wp-content\/uploads\/2026\/04\/WhatsApp-Image-2026-04-06-at-15.48.31.jpeg 1500w\" sizes=\"(max-width: 768px) 100vw, 768px\" \/>\t\t\t\t\t\t\t\t\t\t\t\t\t\t\t<\/div>\n\t\t\t\t<\/div>\n\t\t<div class=\"elementor-element elementor-element-481b740 e-grid e-con-full e-con e-child\" data-id=\"481b740\" data-element_type=\"container\">\n\t\t\t\t<div class=\"elementor-element elementor-element-f714e91 elementor-widget elementor-widget-text-editor\" data-id=\"f714e91\" data-element_type=\"widget\" data-widget_type=\"text-editor.default\">\n\t\t\t\t<div class=\"elementor-widget-container\">\n\t\t\t\t\t\t\t\t\t<p>Kysy my\u00f6s r\u00e4\u00e4t\u00e4l\u00f6ityj\u00e4 yksityistilaisuuksia tai juhlatilan vuokrausta! Tiedustelut s\u00e4hk\u00f6postitse <span style=\"text-decoration: underline; color: #995b0f;\"><a style=\"color: #995b0f;\" href=\"mailto:milassifoodjacafe@gmail.com\">milassifoodjacafe@gmail.com<\/a><\/span> tai paikan p\u00e4\u00e4lt\u00e4<\/p>\t\t\t\t\t\t\t\t<\/div>\n\t\t\t\t<\/div>\n\t\t\t\t<\/div>\n\t\t\t\t<div class=\"elementor-element elementor-element-e94936e elementor-widget elementor-widget-heading\" data-id=\"e94936e\" data-element_type=\"widget\" data-widget_type=\"heading.default\">\n\t\t\t\t<div class=\"elementor-widget-container\">\n\t\t\t\t\t<h4 class=\"elementor-heading-title elementor-size-default\">LauantaiSpecial -brunssi<\/h4>\t\t\t\t<\/div>\n\t\t\t\t<\/div>\n\t\t\t\t<div class=\"elementor-element elementor-element-af8381b elementor-widget elementor-widget-text-editor\" data-id=\"af8381b\" data-element_type=\"widget\" data-widget_type=\"text-editor.default\">\n\t\t\t\t<div class=\"elementor-widget-container\">\n\t\t\t\t\t\t\t\t\t<p style=\"text-align: center;\"><span style=\"color: #000000;\">Milassin LauantaiSpecial &#8211; brunssi tarjolla lauantaisin klo 09:00-12:00 lounaskahvila Milassissa! <\/span><\/p><p style=\"text-align: center;\"><span style=\"font-size: 16px; color: #000000;\">Special-brunssi sis\u00e4lt\u00e4\u00e4 :<\/span><\/p><ul><li style=\"text-align: left;\"><span style=\"color: #000000;\">Leip\u00e4\u00e4<\/span><\/li><li style=\"text-align: left;\"><span style=\"font-size: 16px; color: #000000;\">Leikkeleit\u00e4<\/span><\/li><li style=\"text-align: left;\"><span style=\"font-size: 16px; color: #000000;\">Juustoa<\/span><\/li><li style=\"text-align: left;\"><span style=\"color: #000000;\"><span style=\"font-size: 16px;\">V<\/span><span style=\"font-size: 16px;\">ihanneksia<\/span><\/span><\/li><li style=\"text-align: left;\"><span style=\"font-size: 16px; color: #000000;\">Marjoja<\/span><\/li><li style=\"text-align: left;\"><span style=\"font-size: 16px; color: #000000;\">Hedelmi\u00e4<\/span><\/li><li style=\"text-align: left;\"><span style=\"font-size: 16px; color: #000000;\">Mysli\u00e4<\/span><\/li><li style=\"text-align: left;\"><span style=\"font-size: 16px; color: #000000;\">Kaurapuuroa<\/span><\/li><li style=\"text-align: left;\"><span style=\"font-size: 16px; color: #000000;\">Hilloa<\/span><\/li><li style=\"text-align: left;\"><span style=\"font-size: 16px; color: #000000;\">Maalaissalaattia<\/span><\/li><li style=\"text-align: left;\"><span style=\"color: #000000;\"><span style=\"font-size: 16px;\">Savulohimoussella <\/span><span style=\"font-size: 16px;\">t\u00e4ytettyj\u00e4 minicroissantteja <\/span><\/span><\/li><li style=\"text-align: left;\"><span style=\"font-size: 16px; color: #000000;\">Coleslawsalaattia<\/span><\/li><li style=\"text-align: left;\"><span style=\"font-size: 16px; color: #000000;\">Kinkku-voileip\u00e4kakkua<\/span><\/li><li style=\"text-align: left;\"><span style=\"font-size: 16px; color: #000000;\">Kreikkalaista kasvisvoileip\u00e4kakkua<\/span><\/li><li style=\"text-align: left;\"><span style=\"font-size: 16px; color: #000000;\">Halloumi-pinaattimunakasta<\/span><\/li><li style=\"text-align: left;\"><span style=\"font-size: 16px; color: #000000;\">Munakokkelia<\/span><\/li><li style=\"text-align: left;\"><span style=\"font-size: 16px; color: #000000;\">Pikkunakkeja<\/span><\/li><li style=\"text-align: left;\"><span style=\"color: #000000;\"><span style=\"font-size: 16px;\">Pekonia\u00a0 \u00a0 \u00a0 <\/span><\/span><\/li><li><span style=\"color: #000000;\">J\u00e4lkiruokana churroja suklaakastikkeella<\/span><\/li><li><span style=\"color: #000000;\">Juomina tarjolla tuoremehuja, kahvia, haudutettua teet\u00e4.<\/span><\/li><\/ul><p style=\"text-align: center;\"><span style=\"color: #000000;\"><b>T\u00e4m\u00e4 kaikki hintaan 18,50\u20ac\/hl\u00f6<\/b><\/span><\/p><p style=\"text-align: center;\"><span style=\"color: #000000;\">Tervetuloa herkuttelemaan!<\/span><\/p>\t\t\t\t\t\t\t\t<\/div>\n\t\t\t\t<\/div>\n\t\t\t\t<div class=\"elementor-element elementor-element-8960d6c elementor-widget elementor-widget-image\" data-id=\"8960d6c\" data-element_type=\"widget\" data-widget_type=\"image.default\">\n\t\t\t\t<div class=\"elementor-widget-container\">\n\t\t\t\t\t\t\t\t\t\t\t\t\t\t\t<img decoding=\"async\" width=\"1001\" height=\"150\" src=\"https:\/\/www.lounaskahvilamilassi.fi\/wp-content\/uploads\/2024\/07\/Divider02.png\" class=\"attachment-large size-large wp-image-987\" alt=\"\" srcset=\"https:\/\/www.lounaskahvilamilassi.fi\/wp-content\/uploads\/2024\/07\/Divider02.png 1001w, https:\/\/www.lounaskahvilamilassi.fi\/wp-content\/uploads\/2024\/07\/Divider02-300x45.png 300w, https:\/\/www.lounaskahvilamilassi.fi\/wp-content\/uploads\/2024\/07\/Divider02-768x115.png 768w\" sizes=\"(max-width: 1001px) 100vw, 1001px\" \/>\t\t\t\t\t\t\t\t\t\t\t\t\t\t\t<\/div>\n\t\t\t\t<\/div>\n\t\t\t\t<div class=\"elementor-element elementor-element-d35e490 elementor-widget elementor-widget-image\" data-id=\"d35e490\" data-element_type=\"widget\" data-widget_type=\"image.default\">\n\t\t\t\t<div class=\"elementor-widget-container\">\n\t\t\t\t\t\t\t\t\t\t\t\t\t\t\t<img loading=\"lazy\" decoding=\"async\" width=\"816\" height=\"612\" src=\"https:\/\/www.lounaskahvilamilassi.fi\/wp-content\/uploads\/2024\/07\/kuvasisalta_lowres@0.25x.png\" class=\"attachment-large size-large wp-image-800\" alt=\"\" srcset=\"https:\/\/www.lounaskahvilamilassi.fi\/wp-content\/uploads\/2024\/07\/kuvasisalta_lowres@0.25x.png 816w, https:\/\/www.lounaskahvilamilassi.fi\/wp-content\/uploads\/2024\/07\/kuvasisalta_lowres@0.25x-300x225.png 300w, https:\/\/www.lounaskahvilamilassi.fi\/wp-content\/uploads\/2024\/07\/kuvasisalta_lowres@0.25x-768x576.png 768w\" sizes=\"(max-width: 816px) 100vw, 816px\" \/>\t\t\t\t\t\t\t\t\t\t\t\t\t\t\t<\/div>\n\t\t\t\t<\/div>\n\t\t\t\t<\/div>\n\t\t<div class=\"elementor-element elementor-element-727737e e-con-full e-flex e-con e-child\" data-id=\"727737e\" data-element_type=\"container\">\n\t\t\t\t<div class=\"elementor-element elementor-element-d88c4d2 elementor-hidden-tablet elementor-hidden-mobile elementor-widget elementor-widget-spacer\" data-id=\"d88c4d2\" data-element_type=\"widget\" data-widget_type=\"spacer.default\">\n\t\t\t\t<div class=\"elementor-widget-container\">\n\t\t\t\t\t\t\t<div class=\"elementor-spacer\">\n\t\t\t<div class=\"elementor-spacer-inner\"><\/div>\n\t\t<\/div>\n\t\t\t\t\t\t<\/div>\n\t\t\t\t<\/div>\n\t\t\t\t<\/div>\n\t\t\t\t<\/div>\n\t\t<div class=\"elementor-element elementor-element-7089cbd e-flex e-con-boxed e-con e-parent\" data-id=\"7089cbd\" data-element_type=\"container\" data-settings=\"{&quot;background_background&quot;:&quot;classic&quot;}\">\n\t\t\t\t\t<div class=\"e-con-inner\">\n\t\t<div class=\"elementor-element elementor-element-9458836 e-con-full e-flex e-con e-child\" data-id=\"9458836\" data-element_type=\"container\">\n\t\t<div class=\"elementor-element elementor-element-c6e801f e-con-full e-flex e-con e-child\" data-id=\"c6e801f\" data-element_type=\"container\">\n\t\t\t\t<div class=\"elementor-element elementor-element-502f0c5 elementor-widget elementor-widget-html\" data-id=\"502f0c5\" data-element_type=\"widget\" data-widget_type=\"html.default\">\n\t\t\t\t<div class=\"elementor-widget-container\">\n\t\t\t\t\t<!DOCTYPE html>\n<html lang=\"en\">\n<head>\n    <meta charset=\"UTF-8\">\n    <meta name=\"viewport\" content=\"width=device-width, initial-scale=1.0\">\n    <title>Opening Hours & Contact Information<\/title>\n    <style>\n        body {\n            font-family: Arial, sans-serif;\n            color: #C7A27D;\n            margin: 0;\n            padding: 0;\n        }\n        .container {\n            max-width: 300px;\n            margin: 0 auto;\n            height: 250px;\n        }\n        .box {\n            padding: 15px;\n            margin-bottom: 20px;\n        }\n        .box h2 {\n            text-align: center;\n            color: #C7A27D;\n            margin: 0 0 10px 0;\n            font-size: 2.5em; \n        }\n        .opening-hours ul {\n            list-style-type: none;\n            padding: 0;\n            color: #C7A27D;\n        }\n        .opening-hours li {\n            display: flex;\n            justify-content: space-between;\n            padding: 5px 0;\n            font-size: 1em;\n        }\n        .opening-hours .day {\n            font-weight: bold;\n            color: #C7A27D;\n        }\n        .opening-hours .time {\n            color: #e0ccbc;\n        }\n        .contact-info p {\n            margin: 0;\n            text-align: center;\n            color: #e0ccbc;\n        }\n        .contact-info a {\n            color: #c5936d;\n            text-decoration: none;\n        }\n        .contact-info a:hover {\n            color: #e0ccbc;\n            text-decoration: underline; \n        }\n    <\/style>\n<\/head>\n<body>\n    <div class=\"container\">\n        <div class=\"box opening-hours\">\n            <h2>Avoinna<\/h2>\n\n                <li><span class=\"day\">Ma-To:<\/span> <span class=\"time\">07.00-15.00<\/span><\/li>\n                <li><span class=\"day\">Pe:<\/span> <span class=\"time\">07.00-14.00<\/span><\/li>\n                <li><span class=\"day\">La:<\/span> <span class=\"time\">09.00-14.00<\/span><\/li>\n                <li><span class=\"day\">Su:<\/span> <span class=\"time\">Suljettu<\/span><\/li>\n                \n        <\/div>\n    <\/div>\n<\/body>\n<\/html>\t\t\t\t<\/div>\n\t\t\t\t<\/div>\n\t\t\t\t<\/div>\n\t\t\t\t<\/div>\n\t\t<div class=\"elementor-element elementor-element-8d3480d e-con-full e-flex e-con e-child\" data-id=\"8d3480d\" data-element_type=\"container\">\n\t\t<div class=\"elementor-element elementor-element-6581ac5 e-con-full e-flex e-con e-child\" data-id=\"6581ac5\" data-element_type=\"container\">\n\t\t\t\t<div class=\"elementor-element elementor-element-f992489 elementor-widget elementor-widget-html\" data-id=\"f992489\" data-element_type=\"widget\" data-widget_type=\"html.default\">\n\t\t\t\t<div class=\"elementor-widget-container\">\n\t\t\t\t\t<!DOCTYPE html>\n<html lang=\"en\">\n<head>\n    <meta charset=\"UTF-8\">\n    <meta name=\"viewport\" content=\"width=device-width, initial-scale=1.0\">\n    <title>Opening Hours & Contact Information<\/title>\n<\/head>\n<body>\n    <div class=\"container\">\n        <div class=\"box contact-info\">\n            <h2>Yhteystiedot<\/h2>\n            <p>Lounaskahvila Milassi<\/p>\n            <p>Urheilukatu 6 lh. 5<\/p>\n            <p>Lappeenranta<\/p>\n            <p><a href=\"mailto:milassifoodjacafe@gmail.com\">milassifoodjacafe@gmail.com<\/a><\/p>\n        <\/div>\n    <\/div>\n<\/body>\n<\/html>\n<\/html>\t\t\t\t<\/div>\n\t\t\t\t<\/div>\n\t\t\t\t<\/div>\n\t\t\t\t<\/div>\n\t\t\t\t\t<\/div>\n\t\t\t\t<\/div>\n\t\t<div class=\"elementor-element elementor-element-d7e4003 e-flex e-con-boxed e-con e-parent\" data-id=\"d7e4003\" data-element_type=\"container\">\n\t\t\t\t\t<div class=\"e-con-inner\">\n\t\t\t\t<div class=\"elementor-element elementor-element-b136500 elementor-widget elementor-widget-google_maps\" data-id=\"b136500\" data-element_type=\"widget\" data-widget_type=\"google_maps.default\">\n\t\t\t\t<div class=\"elementor-widget-container\">\n\t\t\t\t\t\t\t<div class=\"elementor-custom-embed\">\n\t\t\t<iframe loading=\"lazy\"\n\t\t\t\t\tsrc=\"https:\/\/maps.google.com\/maps?q=Urheilukatu%206%2C%20Lappeenranta&#038;t=m&#038;z=10&#038;output=embed&#038;iwloc=near\"\n\t\t\t\t\ttitle=\"Urheilukatu 6, Lappeenranta\"\n\t\t\t\t\taria-label=\"Urheilukatu 6, Lappeenranta\"\n\t\t\t><\/iframe>\n\t\t<\/div>\n\t\t\t\t\t\t<\/div>\n\t\t\t\t<\/div>\n\t\t\t\t\t<\/div>\n\t\t\t\t<\/div>\n\t\t\t\t<\/div>\n\t\t","protected":false},"excerpt":{"rendered":"<p>Milassin Lounas Buffetlounas tarjolla arkisin : Ma-To: klo 11 &#8211; 14Pe 11 -13 \u00a0 Maanantai 27.4 \u00a0Savulohikeittoa (L,G,K) Kanaviillokkia\u00a0 (L,G,K)Riisi\u00e4 (V,G) Kinkku-aurajuustopastaa (L,K) Persikkarahkaa (L,G,K) \u00a0 Tiistai 28.4 Pinaattikeittoa (L,G,K) &amp; Keitetty\u00e4 kanamunaa (M,G) Mets\u00e4sienipyttipannua (V,G)Piparjuurimajoneesia (M,G) Kermaista jauhelihaperunalaatikkoa (L,G,K)Puolukkasurvosta (V,G) Kirsikka-suklaak\u00e4\u00e4retorttua (L,G) \u00a0 Keskiviikko 29.4 Kana-nuudelikeittoa (L,G,K) Mets\u00e4st\u00e4j\u00e4nleikett\u00e4 (L, pyydett\u00e4ess\u00e4 gluteeniton)Perunamuusia (L,G,K)Kantarellikastiketta (L,G,K) Marjakiisseli\u00e4 [&hellip;]<\/p>\n","protected":false},"author":1,"featured_media":0,"parent":0,"menu_order":0,"comment_status":"closed","ping_status":"closed","template":"","meta":{"site-sidebar-layout":"no-sidebar","site-content-layout":"page-builder","ast-site-content-layout":"full-width-container","site-content-style":"unboxed","site-sidebar-style":"unboxed","ast-global-header-display":"","ast-banner-title-visibility":"","ast-main-header-display":"","ast-hfb-above-header-display":"","ast-hfb-below-header-display":"","ast-hfb-mobile-header-display":"","site-post-title":"disabled","ast-breadcrumbs-content":"disabled","ast-featured-img":"disabled","footer-sml-layout":"","theme-transparent-header-meta":"enabled","adv-header-id-meta":"","stick-header-meta":"","header-above-stick-meta":"","header-main-stick-meta":"","header-below-stick-meta":"","astra-migrate-meta-layouts":"set","ast-page-background-enabled":"default","ast-page-background-meta":{"desktop":{"background-color":"","background-image":"","background-repeat":"repeat","background-position":"center center","background-size":"auto","background-attachment":"scroll","background-type":"","background-media":"","overlay-type":"","overlay-color":"","overlay-opacity":"","overlay-gradient":""},"tablet":{"background-color":"","background-image":"","background-repeat":"repeat","background-position":"center center","background-size":"auto","background-attachment":"scroll","background-type":"","background-media":"","overlay-type":"","overlay-color":"","overlay-opacity":"","overlay-gradient":""},"mobile":{"background-color":"","background-image":"","background-repeat":"repeat","background-position":"center center","background-size":"auto","background-attachment":"scroll","background-type":"","background-media":"","overlay-type":"","overlay-color":"","overlay-opacity":"","overlay-gradient":""}},"ast-content-background-meta":{"desktop":{"background-color":"var(--ast-global-color-5)","background-image":"","background-repeat":"repeat","background-position":"center center","background-size":"auto","background-attachment":"scroll","background-type":"","background-media":"","overlay-type":"","overlay-color":"","overlay-opacity":"","overlay-gradient":""},"tablet":{"background-color":"var(--ast-global-color-5)","background-image":"","background-repeat":"repeat","background-position":"center center","background-size":"auto","background-attachment":"scroll","background-type":"","background-media":"","overlay-type":"","overlay-color":"","overlay-opacity":"","overlay-gradient":""},"mobile":{"background-color":"var(--ast-global-color-5)","background-image":"","background-repeat":"repeat","background-position":"center center","background-size":"auto","background-attachment":"scroll","background-type":"","background-media":"","overlay-type":"","overlay-color":"","overlay-opacity":"","overlay-gradient":""}},"footnotes":""},"class_list":["post-796","page","type-page","status-publish","hentry"],"jetpack_sharing_enabled":true,"_links":{"self":[{"href":"https:\/\/www.lounaskahvilamilassi.fi\/index.php?rest_route=\/wp\/v2\/pages\/796","targetHints":{"allow":["GET"]}}],"collection":[{"href":"https:\/\/www.lounaskahvilamilassi.fi\/index.php?rest_route=\/wp\/v2\/pages"}],"about":[{"href":"https:\/\/www.lounaskahvilamilassi.fi\/index.php?rest_route=\/wp\/v2\/types\/page"}],"author":[{"embeddable":true,"href":"https:\/\/www.lounaskahvilamilassi.fi\/index.php?rest_route=\/wp\/v2\/users\/1"}],"replies":[{"embeddable":true,"href":"https:\/\/www.lounaskahvilamilassi.fi\/index.php?rest_route=%2Fwp%2Fv2%2Fcomments&post=796"}],"version-history":[{"count":1310,"href":"https:\/\/www.lounaskahvilamilassi.fi\/index.php?rest_route=\/wp\/v2\/pages\/796\/revisions"}],"predecessor-version":[{"id":2341,"href":"https:\/\/www.lounaskahvilamilassi.fi\/index.php?rest_route=\/wp\/v2\/pages\/796\/revisions\/2341"}],"wp:attachment":[{"href":"https:\/\/www.lounaskahvilamilassi.fi\/index.php?rest_route=%2Fwp%2Fv2%2Fmedia&parent=796"}],"curies":[{"name":"wp","href":"https:\/\/api.w.org\/{rel}","templated":true}]}}